{"id":245,"date":"2025-06-09T20:36:29","date_gmt":"2025-06-09T18:36:29","guid":{"rendered":"http:\/\/aromata.pl\/?post_type=product&#038;p=245"},"modified":"2025-07-20T18:26:51","modified_gmt":"2025-07-20T16:26:51","slug":"przyprawa-solvita","status":"publish","type":"product","link":"https:\/\/aromata.pl\/?product=przyprawa-solvita","title":{"rendered":"Przyprawa Solvita"},"content":{"rendered":"<p><b>Solvita \u2013 harmonia natury i smaku<\/b><br \/>\nDelikatna i zr\u00f3wnowa\u017cona mieszanka <b>Solvita<\/b> to subtelne po\u0142\u0105czenie soli i cukru z wyselekcjonowanymi, suszonymi warzywami \u2013 marchewk\u0105, cebul\u0105, pasternakiem, natk\u0105 pietruszki i porem \u2013 kt\u00f3re nadaj\u0105 potrawom g\u0142\u0119bi\u0119 oraz naturalny aromat. Ca\u0142o\u015b\u0107 dope\u0142nia <b>kurkuma<\/b>, znana ze swoich szlachetnych w\u0142a\u015bciwo\u015bci i z\u0142ocistego koloru, wprowadzaj\u0105c nut\u0119 ciep\u0142a i lekko\u015bci.<\/p>\n<p>Produkt otrzymany przez staranne wymieszanie suszonych warzyw, zi\u00f3\u0142 oraz odpowiednio dobranych sk\u0142adnik\u00f3w, bez dodatku alergen\u00f3w.<\/p>\n<p><b>Solvita<\/b> to przyprawa stworzona z my\u015bl\u0105 o zdrowej kuchni \u2013 idealna do codziennego doprawiania da\u0144, kt\u00f3re maj\u0105 smakowa\u0107 prosto, naturalnie i wyj\u0105tkowo.<\/p>\n","protected":false},"excerpt":{"rendered":"<p><b>Solvita<\/b> to przyprawa stworzona z my\u015bl\u0105 o zdrowej kuchni \u2013 idealna do codziennego doprawiania da\u0144, kt\u00f3re maj\u0105 smakowa\u0107 prosto, naturalnie i wyj\u0105tkowo.<\/p>\n","protected":false},"featured_media":992,"comment_status":"closed","ping_status":"closed","template":"","meta":[],"product_brand":[],"product_cat":[22],"product_tag":[],"class_list":{"0":"post-245","1":"product","2":"type-product","3":"status-publish","4":"has-post-thumbnail","6":"product_cat-przyprawy","8":"first","9":"instock","10":"shipping-taxable","11":"purchasable","12":"product-type-variable"},"_links":{"self":[{"href":"https:\/\/aromata.pl\/index.php?rest_route=\/wp\/v2\/product\/245","targetHints":{"allow":["GET"]}}],"collection":[{"href":"https:\/\/aromata.pl\/index.php?rest_route=\/wp\/v2\/product"}],"about":[{"href":"https:\/\/aromata.pl\/index.php?rest_route=\/wp\/v2\/types\/product"}],"replies":[{"embeddable":true,"href":"https:\/\/aromata.pl\/index.php?rest_route=%2Fwp%2Fv2%2Fcomments&post=245"}],"wp:featuredmedia":[{"embeddable":true,"href":"https:\/\/aromata.pl\/index.php?rest_route=\/wp\/v2\/media\/992"}],"wp:attachment":[{"href":"https:\/\/aromata.pl\/index.php?rest_route=%2Fwp%2Fv2%2Fmedia&parent=245"}],"wp:term":[{"taxonomy":"product_brand","embeddable":true,"href":"https:\/\/aromata.pl\/index.php?rest_route=%2Fwp%2Fv2%2Fproduct_brand&post=245"},{"taxonomy":"product_cat","embeddable":true,"href":"https:\/\/aromata.pl\/index.php?rest_route=%2Fwp%2Fv2%2Fproduct_cat&post=245"},{"taxonomy":"product_tag","embeddable":true,"href":"https:\/\/aromata.pl\/index.php?rest_route=%2Fwp%2Fv2%2Fproduct_tag&post=245"}],"curies":[{"name":"wp","href":"https:\/\/api.w.org\/{rel}","templated":true}]}}